{"id":1031,"date":"2023-03-23T16:03:31","date_gmt":"2023-03-23T15:03:31","guid":{"rendered":"https:\/\/lindsay-photography.fr\/?page_id=1031"},"modified":"2023-04-13T15:58:40","modified_gmt":"2023-04-13T13:58:40","slug":"mes-prestations","status":"publish","type":"page","link":"https:\/\/lindsay-photography.fr\/index.php\/mes-prestations\/","title":{"rendered":"Mes prestations"},"content":{"rendered":"\t\t<div data-elementor-type=\"wp-page\" data-elementor-id=\"1031\" class=\"elementor elementor-1031\">\n\t\t\t\t\t\t<section class=\"elementor-section elementor-top-section elementor-element elementor-element-cb1e134 elementor-section-height-min-height elementor-section-boxed elementor-section-height-default elementor-section-items-middle\" data-id=\"cb1e134\" data-element_type=\"section\" data-settings=\"{&quot;background_background&quot;:&quot;classic&quot;}\">\n\t\t\t\t\t\t\t<div class=\"elementor-background-overlay\"><\/div>\n\t\t\t\t\t\t\t<div class=\"elementor-container elementor-column-gap-default\">\n\t\t\t\t\t<div class=\"elementor-column elementor-col-100 elementor-top-column elementor-element elementor-element-9965617\" data-id=\"9965617\" data-element_type=\"column\">\n\t\t\t<div class=\"elementor-widget-wrap elementor-element-populated\">\n\t\t\t\t\t\t<div class=\"elementor-element elementor-element-e340504 elementor-widget elementor-widget-heading\" data-id=\"e340504\" data-element_type=\"widget\" data-widget_type=\"heading.default\">\n\t\t\t\t<div class=\"elementor-widget-container\">\n\t\t\t\t\t<h2 class=\"elementor-heading-title elementor-size-default\">Mes prestations<\/h2>\t\t\t\t<\/div>\n\t\t\t\t<\/div>\n\t\t\t\t<div class=\"elementor-element elementor-element-8f55a6b elementor-widget elementor-widget-text-editor\" data-id=\"8f55a6b\" data-element_type=\"widget\" data-widget_type=\"text-editor.default\">\n\t\t\t\t<div class=\"elementor-widget-container\">\n\t\t\t\t\t\t\t\t\t<p>Je suis \u00e0 votre disposition pour capturer vos plus pr\u00e9cieux moments de vies, je vous invite \u00e0 choisir la pr\u00e9station qui vous correspond.<\/p>\t\t\t\t\t\t\t\t<\/div>\n\t\t\t\t<\/div>\n\t\t\t\t\t<\/div>\n\t\t<\/div>\n\t\t\t\t\t<\/div>\n\t\t<\/section>\n\t\t\t\t<section class=\"elementor-section elementor-top-section elementor-element elementor-element-99155ec elementor-section-boxed elementor-section-height-default elementor-section-height-default\" data-id=\"99155ec\" data-element_type=\"section\">\n\t\t\t\t\t\t<div class=\"elementor-container elementor-column-gap-default\">\n\t\t\t\t\t<div class=\"elementor-column elementor-col-20 elementor-top-column elementor-element elementor-element-1e7adf3\" data-id=\"1e7adf3\" data-element_type=\"column\">\n\t\t\t<div class=\"elementor-widget-wrap elementor-element-populated\">\n\t\t\t\t\t\t<div class=\"elementor-element elementor-element-6854f4f elementor-align-center elementor-widget elementor-widget-button\" data-id=\"6854f4f\" data-element_type=\"widget\" data-widget_type=\"button.default\">\n\t\t\t\t<div class=\"elementor-widget-container\">\n\t\t\t\t\t\t\t\t\t<div class=\"elementor-button-wrapper\">\n\t\t\t\t\t<a class=\"elementor-button elementor-button-link elementor-size-sm\" href=\"https:\/\/lindsay-photography.fr\/index.php\/mariage\/\">\n\t\t\t\t\t\t<span class=\"elementor-button-content-wrapper\">\n\t\t\t\t\t\t\t\t\t<span class=\"elementor-button-text\">Mariage<\/span>\n\t\t\t\t\t<\/span>\n\t\t\t\t\t<\/a>\n\t\t\t\t<\/div>\n\t\t\t\t\t\t\t\t<\/div>\n\t\t\t\t<\/div>\n\t\t\t\t\t<\/div>\n\t\t<\/div>\n\t\t\t\t<div class=\"elementor-column elementor-col-20 elementor-top-column elementor-element elementor-element-3223f73\" data-id=\"3223f73\" data-element_type=\"column\">\n\t\t\t<div class=\"elementor-widget-wrap elementor-element-populated\">\n\t\t\t\t\t\t<div class=\"elementor-element elementor-element-3d2e9b9 elementor-align-center elementor-widget elementor-widget-button\" data-id=\"3d2e9b9\" data-element_type=\"widget\" data-widget_type=\"button.default\">\n\t\t\t\t<div class=\"elementor-widget-container\">\n\t\t\t\t\t\t\t\t\t<div class=\"elementor-button-wrapper\">\n\t\t\t\t\t<a class=\"elementor-button elementor-button-link elementor-size-sm\" href=\"https:\/\/lindsay-photography.fr\/index.php\/grossesse\/\">\n\t\t\t\t\t\t<span class=\"elementor-button-content-wrapper\">\n\t\t\t\t\t\t\t\t\t<span class=\"elementor-button-text\">Grossesse<\/span>\n\t\t\t\t\t<\/span>\n\t\t\t\t\t<\/a>\n\t\t\t\t<\/div>\n\t\t\t\t\t\t\t\t<\/div>\n\t\t\t\t<\/div>\n\t\t\t\t\t<\/div>\n\t\t<\/div>\n\t\t\t\t<div class=\"elementor-column elementor-col-20 elementor-top-column elementor-element elementor-element-cf84820\" data-id=\"cf84820\" data-element_type=\"column\">\n\t\t\t<div class=\"elementor-widget-wrap elementor-element-populated\">\n\t\t\t\t\t\t<div class=\"elementor-element elementor-element-a105030 elementor-align-center elementor-widget elementor-widget-button\" data-id=\"a105030\" data-element_type=\"widget\" data-widget_type=\"button.default\">\n\t\t\t\t<div class=\"elementor-widget-container\">\n\t\t\t\t\t\t\t\t\t<div class=\"elementor-button-wrapper\">\n\t\t\t\t\t<a class=\"elementor-button elementor-button-link elementor-size-sm\" href=\"https:\/\/lindsay-photography.fr\/index.php\/naissance\/\">\n\t\t\t\t\t\t<span class=\"elementor-button-content-wrapper\">\n\t\t\t\t\t\t\t\t\t<span class=\"elementor-button-text\">Naissance<\/span>\n\t\t\t\t\t<\/span>\n\t\t\t\t\t<\/a>\n\t\t\t\t<\/div>\n\t\t\t\t\t\t\t\t<\/div>\n\t\t\t\t<\/div>\n\t\t\t\t\t<\/div>\n\t\t<\/div>\n\t\t\t\t<div class=\"elementor-column elementor-col-20 elementor-top-column elementor-element elementor-element-ab22b20\" data-id=\"ab22b20\" data-element_type=\"column\">\n\t\t\t<div class=\"elementor-widget-wrap elementor-element-populated\">\n\t\t\t\t\t\t<div class=\"elementor-element elementor-element-e010c29 elementor-align-center elementor-widget elementor-widget-button\" data-id=\"e010c29\" data-element_type=\"widget\" data-widget_type=\"button.default\">\n\t\t\t\t<div class=\"elementor-widget-container\">\n\t\t\t\t\t\t\t\t\t<div class=\"elementor-button-wrapper\">\n\t\t\t\t\t<a class=\"elementor-button elementor-button-link elementor-size-sm\" href=\"https:\/\/lindsay-photography.fr\/index.php\/enfant\/\">\n\t\t\t\t\t\t<span class=\"elementor-button-content-wrapper\">\n\t\t\t\t\t\t\t\t\t<span class=\"elementor-button-text\">Enfant<\/span>\n\t\t\t\t\t<\/span>\n\t\t\t\t\t<\/a>\n\t\t\t\t<\/div>\n\t\t\t\t\t\t\t\t<\/div>\n\t\t\t\t<\/div>\n\t\t\t\t\t<\/div>\n\t\t<\/div>\n\t\t\t\t<div class=\"elementor-column elementor-col-20 elementor-top-column elementor-element elementor-element-680f59e\" data-id=\"680f59e\" data-element_type=\"column\">\n\t\t\t<div class=\"elementor-widget-wrap elementor-element-populated\">\n\t\t\t\t\t\t<div class=\"elementor-element elementor-element-15a669a elementor-align-center elementor-widget elementor-widget-button\" data-id=\"15a669a\" data-element_type=\"widget\" data-widget_type=\"button.default\">\n\t\t\t\t<div class=\"elementor-widget-container\">\n\t\t\t\t\t\t\t\t\t<div class=\"elementor-button-wrapper\">\n\t\t\t\t\t<a class=\"elementor-button elementor-button-link elementor-size-sm\" href=\"https:\/\/lindsay-photography.fr\/index.php\/famille\/\">\n\t\t\t\t\t\t<span class=\"elementor-button-content-wrapper\">\n\t\t\t\t\t\t\t\t\t<span class=\"elementor-button-text\">Famille<\/span>\n\t\t\t\t\t<\/span>\n\t\t\t\t\t<\/a>\n\t\t\t\t<\/div>\n\t\t\t\t\t\t\t\t<\/div>\n\t\t\t\t<\/div>\n\t\t\t\t\t<\/div>\n\t\t<\/div>\n\t\t\t\t\t<\/div>\n\t\t<\/section>\n\t\t\t\t<\/div>\n\t\t","protected":false},"excerpt":{"rendered":"<p>Mes prestations Je suis \u00e0 votre disposition pour capturer vos plus pr\u00e9cieux moments de vies, je vous invite \u00e0 choisir la pr\u00e9station qui vous correspond. Mariage Grossesse Naissance Enfant Famille<\/p>\n","protected":false},"author":1,"featured_media":0,"parent":0,"menu_order":0,"comment_status":"closed","ping_status":"closed","template":"","meta":{"site-sidebar-layout":"no-sidebar","site-content-layout":"page-builder","ast-site-content-layout":"","site-content-style":"default","site-sidebar-style":"default","ast-global-header-display":"","ast-banner-title-visibility":"","ast-main-header-display":"","ast-hfb-above-header-display":"","ast-hfb-below-header-display":"","ast-hfb-mobile-header-display":"","site-post-title":"disabled","ast-breadcrumbs-content":"","ast-featured-img":"disabled","footer-sml-layout":"","theme-transparent-header-meta":"","adv-header-id-meta":"","stick-header-meta":"","header-above-stick-meta":"","header-main-stick-meta":"","header-below-stick-meta":"","astra-migrate-meta-layouts":"default","ast-page-background-enabled":"default","ast-page-background-meta":{"desktop":{"background-color":"","background-image":"","background-repeat":"repeat","background-position":"center center","background-size":"auto","background-attachment":"scroll","background-type":"","background-media":"","overlay-type":"","overlay-color":"","overlay-gradient":""},"tablet":{"background-color":"","background-image":"","background-repeat":"repeat","background-position":"center center","background-size":"auto","background-attachment":"scroll","background-type":"","background-media":"","overlay-type":"","overlay-color":"","overlay-gradient":""},"mobile":{"background-color":"","background-image":"","background-repeat":"repeat","background-position":"center center","background-size":"auto","background-attachment":"scroll","background-type":"","background-media":"","overlay-type":"","overlay-color":"","overlay-gradient":""}},"ast-content-background-meta":{"desktop":{"background-color":"var(--ast-global-color-5)","background-image":"","background-repeat":"repeat","background-position":"center center","background-size":"auto","background-attachment":"scroll","background-type":"","background-media":"","overlay-type":"","overlay-color":"","overlay-gradient":""},"tablet":{"background-color":"var(--ast-global-color-5)","background-image":"","background-repeat":"repeat","background-position":"center center","background-size":"auto","background-attachment":"scroll","background-type":"","background-media":"","overlay-type":"","overlay-color":"","overlay-gradient":""},"mobile":{"background-color":"var(--ast-global-color-5)","background-image":"","background-repeat":"repeat","background-position":"center center","background-size":"auto","background-attachment":"scroll","background-type":"","background-media":"","overlay-type":"","overlay-color":"","overlay-gradient":""}},"footnotes":""},"class_list":["post-1031","page","type-page","status-publish","hentry"],"yoast_head":"<!-- This site is optimized with the Yoast SEO plugin v25.2 - https:\/\/yoast.com\/wordpress\/plugins\/seo\/ -->\n<title>Mes prestations - Lindsay - Photography<\/title>\n<meta name=\"robots\" content=\"noindex, follow\" \/>\n<meta property=\"og:locale\" content=\"fr_FR\" \/>\n<meta property=\"og:type\" content=\"article\" \/>\n<meta property=\"og:title\" content=\"Mes prestations - Lindsay - Photography\" \/>\n<meta property=\"og:description\" content=\"Mes prestations Je suis \u00e0 votre disposition pour capturer vos plus pr\u00e9cieux moments de vies, je vous invite \u00e0 choisir la pr\u00e9station qui vous correspond. Mariage Grossesse Naissance Enfant Famille\" \/>\n<meta property=\"og:url\" content=\"https:\/\/lindsay-photography.fr\/index.php\/mes-prestations\/\" \/>\n<meta property=\"og:site_name\" content=\"Lindsay - Photography\" \/>\n<meta property=\"article:publisher\" content=\"https:\/\/www.facebook.com\/profile.php?id=100039183198380\" \/>\n<meta property=\"article:modified_time\" content=\"2023-04-13T13:58:40+00:00\" \/>\n<meta name=\"twitter:card\" content=\"summary_large_image\" \/>\n<meta name=\"twitter:label1\" content=\"Dur\u00e9e de lecture estim\u00e9e\" \/>\n\t<meta name=\"twitter:data1\" content=\"1 minute\" \/>\n<script type=\"application\/ld+json\" class=\"yoast-schema-graph\">{\"@context\":\"https:\/\/schema.org\",\"@graph\":[{\"@type\":\"WebPage\",\"@id\":\"https:\/\/lindsay-photography.fr\/index.php\/mes-prestations\/\",\"url\":\"https:\/\/lindsay-photography.fr\/index.php\/mes-prestations\/\",\"name\":\"Mes prestations - Lindsay - Photography\",\"isPartOf\":{\"@id\":\"https:\/\/lindsay-photography.fr\/#website\"},\"datePublished\":\"2023-03-23T15:03:31+00:00\",\"dateModified\":\"2023-04-13T13:58:40+00:00\",\"breadcrumb\":{\"@id\":\"https:\/\/lindsay-photography.fr\/index.php\/mes-prestations\/#breadcrumb\"},\"inLanguage\":\"fr-FR\",\"potentialAction\":[{\"@type\":\"ReadAction\",\"target\":[\"https:\/\/lindsay-photography.fr\/index.php\/mes-prestations\/\"]}]},{\"@type\":\"BreadcrumbList\",\"@id\":\"https:\/\/lindsay-photography.fr\/index.php\/mes-prestations\/#breadcrumb\",\"itemListElement\":[{\"@type\":\"ListItem\",\"position\":1,\"name\":\"Accueil\",\"item\":\"https:\/\/lindsay-photography.fr\/\"},{\"@type\":\"ListItem\",\"position\":2,\"name\":\"Mes prestations\"}]},{\"@type\":\"WebSite\",\"@id\":\"https:\/\/lindsay-photography.fr\/#website\",\"url\":\"https:\/\/lindsay-photography.fr\/\",\"name\":\"Lindsay - Photography\",\"description\":\"Cr\u00e9atrice de souvenirs\",\"publisher\":{\"@id\":\"https:\/\/lindsay-photography.fr\/#organization\"},\"potentialAction\":[{\"@type\":\"SearchAction\",\"target\":{\"@type\":\"EntryPoint\",\"urlTemplate\":\"https:\/\/lindsay-photography.fr\/?s={search_term_string}\"},\"query-input\":{\"@type\":\"PropertyValueSpecification\",\"valueRequired\":true,\"valueName\":\"search_term_string\"}}],\"inLanguage\":\"fr-FR\"},{\"@type\":\"Organization\",\"@id\":\"https:\/\/lindsay-photography.fr\/#organization\",\"name\":\"Lindsay - Photography\",\"url\":\"https:\/\/lindsay-photography.fr\/\",\"logo\":{\"@type\":\"ImageObject\",\"inLanguage\":\"fr-FR\",\"@id\":\"https:\/\/lindsay-photography.fr\/#\/schema\/logo\/image\/\",\"url\":\"https:\/\/lindsay-photography.fr\/wp-content\/uploads\/2023\/03\/cropped-539473DA-BECA-4B70-AC73-48E701F9FA57-1.png\",\"contentUrl\":\"https:\/\/lindsay-photography.fr\/wp-content\/uploads\/2023\/03\/cropped-539473DA-BECA-4B70-AC73-48E701F9FA57-1.png\",\"width\":500,\"height\":214,\"caption\":\"Lindsay - Photography\"},\"image\":{\"@id\":\"https:\/\/lindsay-photography.fr\/#\/schema\/logo\/image\/\"},\"sameAs\":[\"https:\/\/www.facebook.com\/profile.php?id=100039183198380\",\"https:\/\/www.instagram.com\/lindsay.photography57\/\"]}]}<\/script>\n<!-- \/ Yoast SEO plugin. -->","yoast_head_json":{"title":"Mes prestations - Lindsay - Photography","robots":{"index":"noindex","follow":"follow"},"og_locale":"fr_FR","og_type":"article","og_title":"Mes prestations - Lindsay - Photography","og_description":"Mes prestations Je suis \u00e0 votre disposition pour capturer vos plus pr\u00e9cieux moments de vies, je vous invite \u00e0 choisir la pr\u00e9station qui vous correspond. Mariage Grossesse Naissance Enfant Famille","og_url":"https:\/\/lindsay-photography.fr\/index.php\/mes-prestations\/","og_site_name":"Lindsay - Photography","article_publisher":"https:\/\/www.facebook.com\/profile.php?id=100039183198380","article_modified_time":"2023-04-13T13:58:40+00:00","twitter_card":"summary_large_image","twitter_misc":{"Dur\u00e9e de lecture estim\u00e9e":"1 minute"},"schema":{"@context":"https:\/\/schema.org","@graph":[{"@type":"WebPage","@id":"https:\/\/lindsay-photography.fr\/index.php\/mes-prestations\/","url":"https:\/\/lindsay-photography.fr\/index.php\/mes-prestations\/","name":"Mes prestations - Lindsay - Photography","isPartOf":{"@id":"https:\/\/lindsay-photography.fr\/#website"},"datePublished":"2023-03-23T15:03:31+00:00","dateModified":"2023-04-13T13:58:40+00:00","breadcrumb":{"@id":"https:\/\/lindsay-photography.fr\/index.php\/mes-prestations\/#breadcrumb"},"inLanguage":"fr-FR","potentialAction":[{"@type":"ReadAction","target":["https:\/\/lindsay-photography.fr\/index.php\/mes-prestations\/"]}]},{"@type":"BreadcrumbList","@id":"https:\/\/lindsay-photography.fr\/index.php\/mes-prestations\/#breadcrumb","itemListElement":[{"@type":"ListItem","position":1,"name":"Accueil","item":"https:\/\/lindsay-photography.fr\/"},{"@type":"ListItem","position":2,"name":"Mes prestations"}]},{"@type":"WebSite","@id":"https:\/\/lindsay-photography.fr\/#website","url":"https:\/\/lindsay-photography.fr\/","name":"Lindsay - Photography","description":"Cr\u00e9atrice de souvenirs","publisher":{"@id":"https:\/\/lindsay-photography.fr\/#organization"},"potentialAction":[{"@type":"SearchAction","target":{"@type":"EntryPoint","urlTemplate":"https:\/\/lindsay-photography.fr\/?s={search_term_string}"},"query-input":{"@type":"PropertyValueSpecification","valueRequired":true,"valueName":"search_term_string"}}],"inLanguage":"fr-FR"},{"@type":"Organization","@id":"https:\/\/lindsay-photography.fr\/#organization","name":"Lindsay - Photography","url":"https:\/\/lindsay-photography.fr\/","logo":{"@type":"ImageObject","inLanguage":"fr-FR","@id":"https:\/\/lindsay-photography.fr\/#\/schema\/logo\/image\/","url":"https:\/\/lindsay-photography.fr\/wp-content\/uploads\/2023\/03\/cropped-539473DA-BECA-4B70-AC73-48E701F9FA57-1.png","contentUrl":"https:\/\/lindsay-photography.fr\/wp-content\/uploads\/2023\/03\/cropped-539473DA-BECA-4B70-AC73-48E701F9FA57-1.png","width":500,"height":214,"caption":"Lindsay - Photography"},"image":{"@id":"https:\/\/lindsay-photography.fr\/#\/schema\/logo\/image\/"},"sameAs":["https:\/\/www.facebook.com\/profile.php?id=100039183198380","https:\/\/www.instagram.com\/lindsay.photography57\/"]}]}},"_links":{"self":[{"href":"https:\/\/lindsay-photography.fr\/index.php\/wp-json\/wp\/v2\/pages\/1031","targetHints":{"allow":["GET"]}}],"collection":[{"href":"https:\/\/lindsay-photography.fr\/index.php\/wp-json\/wp\/v2\/pages"}],"about":[{"href":"https:\/\/lindsay-photography.fr\/index.php\/wp-json\/wp\/v2\/types\/page"}],"author":[{"embeddable":true,"href":"https:\/\/lindsay-photography.fr\/index.php\/wp-json\/wp\/v2\/users\/1"}],"replies":[{"embeddable":true,"href":"https:\/\/lindsay-photography.fr\/index.php\/wp-json\/wp\/v2\/comments?post=1031"}],"version-history":[{"count":32,"href":"https:\/\/lindsay-photography.fr\/index.php\/wp-json\/wp\/v2\/pages\/1031\/revisions"}],"predecessor-version":[{"id":1391,"href":"https:\/\/lindsay-photography.fr\/index.php\/wp-json\/wp\/v2\/pages\/1031\/revisions\/1391"}],"wp:attachment":[{"href":"https:\/\/lindsay-photography.fr\/index.php\/wp-json\/wp\/v2\/media?parent=1031"}],"curies":[{"name":"wp","href":"https:\/\/api.w.org\/{rel}","templated":true}]}}