{"id":1429,"date":"2023-04-13T09:58:54","date_gmt":"2023-04-13T07:58:54","guid":{"rendered":"https:\/\/lindsay-photography.fr\/?page_id=1429"},"modified":"2023-04-13T10:21:52","modified_gmt":"2023-04-13T08:21:52","slug":"mentions-legales","status":"publish","type":"page","link":"https:\/\/lindsay-photography.fr\/index.php\/mentions-legales\/","title":{"rendered":"Mentions L\u00e9gales"},"content":{"rendered":"\n<h1 class=\"wp-block-heading\">Mentions l\u00e9gales<\/h1>\n\n\n\n<p>Le site Lindsay-Photography est cr\u00e9\u00e9 et g\u00e9r\u00e9 par l\u2019entreprise Lindsay VALAT EI<\/p>\n\n\n\n<p>Num\u00e9ro SIRET : 524841426000017<\/p>\n\n\n\n<p>TVA Intracommunautaire : FR17524841426<\/p>\n\n\n\n<p>Adresse Postale : 11b, r\u00e9sidence des pr\u00e9s 57510 Puttelange aux &#8211; lacs<\/p>\n\n\n\n<p>Adresse mail : lindsay.valat@lindsay-photography.fr<\/p>\n\n\n\n<h2 class=\"wp-block-heading\">H\u00e9bergement du site<\/h2>\n\n\n\n<p>Le site lindsay-photography est h\u00e9berg\u00e9 sur les serveurs fran\u00e7ais de l\u2019entreprise&nbsp;<a href=\"https:\/\/www.hostinger.fr\/termes-universels-de-contrat-de-service\">Hostinger<\/a>, domicili\u00e9 au&nbsp;61, rue Lordou Vironos, 6023 Larnaca, Chypre<\/p>\n\n\n\n<p><a href=\"mailto:compliance@hostinger.com\">Adresse mail :<\/a>&nbsp;<a href=\"mailto:compliance@hostinger.com\">compliance@hostinger.com<\/a><\/p>\n\n\n\n<h2 class=\"wp-block-heading\">Mentions concernant la propri\u00e9t\u00e9 intellectuelle<\/h2>\n\n\n\n<p>Les contenus mis \u00e0 disposition sur le site lindsay-photography sont, sauf exceptions, la propri\u00e9t\u00e9 exclusive de l\u2019entreprise Lindsay VALAT EI.<\/p>\n\n\n\n<p>Toute reproduction ou r\u00e9utilisation de ce contenu ne peut \u00eatre r\u00e9alis\u00e9e qu&rsquo;avec l&rsquo;accord explicite de Lindsay VALAT.<\/p>\n\n\n\n<p>Les images et autres visuels d\u2019illustration peuvent provenir de la banque d\u2019images&nbsp;<a href=\"https:\/\/unsplash.com\/license\">unsplash.com<\/a>&nbsp;qui d\u00e9livre une licence d\u2019exploitation des photos \u00e0 usage commercial et\/ou non-commercial.<\/p>\n","protected":false},"excerpt":{"rendered":"<p>Mentions l\u00e9gales Le site Lindsay-Photography est cr\u00e9\u00e9 et g\u00e9r\u00e9 par l\u2019entreprise Lindsay VALAT EI Num\u00e9ro SIRET : 524841426000017 TVA Intracommunautaire : FR17524841426 Adresse Postale : 11b, r\u00e9sidence des pr\u00e9s 57510 Puttelange aux &#8211; lacs Adresse mail : lindsay.valat@lindsay-photography.fr H\u00e9bergement du site Le site lindsay-photography est h\u00e9berg\u00e9 sur les serveurs fran\u00e7ais de l\u2019entreprise&nbsp;Hostinger, domicili\u00e9 au&nbsp;61, rue [&hellip;]<\/p>\n","protected":false},"author":1,"featured_media":0,"parent":0,"menu_order":0,"comment_status":"closed","ping_status":"closed","template":"","meta":{"site-sidebar-layout":"default","site-content-layout":"","ast-site-content-layout":"","site-content-style":"default","site-sidebar-style":"default","ast-global-header-display":"","ast-banner-title-visibility":"","ast-main-header-display":"","ast-hfb-above-header-display":"","ast-hfb-below-header-display":"","ast-hfb-mobile-header-display":"","site-post-title":"disabled","ast-breadcrumbs-content":"","ast-featured-img":"","footer-sml-layout":"","theme-transparent-header-meta":"","adv-header-id-meta":"","stick-header-meta":"","header-above-stick-meta":"","header-main-stick-meta":"","header-below-stick-meta":"","astra-migrate-meta-layouts":"default","ast-page-background-enabled":"default","ast-page-background-meta":{"desktop":{"background-color":"","background-image":"","background-repeat":"repeat","background-position":"center center","background-size":"auto","background-attachment":"scroll","background-type":"","background-media":"","overlay-type":"","overlay-color":"","overlay-gradient":""},"tablet":{"background-color":"","background-image":"","background-repeat":"repeat","background-position":"center center","background-size":"auto","background-attachment":"scroll","background-type":"","background-media":"","overlay-type":"","overlay-color":"","overlay-gradient":""},"mobile":{"background-color":"","background-image":"","background-repeat":"repeat","background-position":"center center","background-size":"auto","background-attachment":"scroll","background-type":"","background-media":"","overlay-type":"","overlay-color":"","overlay-gradient":""}},"ast-content-background-meta":{"desktop":{"background-color":"var(--ast-global-color-5)","background-image":"","background-repeat":"repeat","background-position":"center center","background-size":"auto","background-attachment":"scroll","background-type":"","background-media":"","overlay-type":"","overlay-color":"","overlay-gradient":""},"tablet":{"background-color":"var(--ast-global-color-5)","background-image":"","background-repeat":"repeat","background-position":"center center","background-size":"auto","background-attachment":"scroll","background-type":"","background-media":"","overlay-type":"","overlay-color":"","overlay-gradient":""},"mobile":{"background-color":"var(--ast-global-color-5)","background-image":"","background-repeat":"repeat","background-position":"center center","background-size":"auto","background-attachment":"scroll","background-type":"","background-media":"","overlay-type":"","overlay-color":"","overlay-gradient":""}},"footnotes":""},"class_list":["post-1429","page","type-page","status-publish","hentry"],"yoast_head":"<!-- This site is optimized with the Yoast SEO plugin v25.2 - https:\/\/yoast.com\/wordpress\/plugins\/seo\/ -->\n<title>Mentions L\u00e9gales - Lindsay - Photography<\/title>\n<meta name=\"robots\" content=\"noindex, nofollow\" \/>\n<meta property=\"og:locale\" content=\"fr_FR\" \/>\n<meta property=\"og:type\" content=\"article\" \/>\n<meta property=\"og:title\" content=\"Mentions L\u00e9gales - Lindsay - Photography\" \/>\n<meta property=\"og:description\" content=\"Mentions l\u00e9gales Le site Lindsay-Photography est cr\u00e9\u00e9 et g\u00e9r\u00e9 par l\u2019entreprise Lindsay VALAT EI Num\u00e9ro SIRET : 524841426000017 TVA Intracommunautaire : FR17524841426 Adresse Postale : 11b, r\u00e9sidence des pr\u00e9s 57510 Puttelange aux &#8211; lacs Adresse mail : lindsay.valat@lindsay-photography.fr H\u00e9bergement du site Le site lindsay-photography est h\u00e9berg\u00e9 sur les serveurs fran\u00e7ais de l\u2019entreprise&nbsp;Hostinger, domicili\u00e9 au&nbsp;61, rue [&hellip;]\" \/>\n<meta property=\"og:url\" content=\"https:\/\/lindsay-photography.fr\/index.php\/mentions-legales\/\" \/>\n<meta property=\"og:site_name\" content=\"Lindsay - Photography\" \/>\n<meta property=\"article:publisher\" content=\"https:\/\/www.facebook.com\/profile.php?id=100039183198380\" \/>\n<meta property=\"article:modified_time\" content=\"2023-04-13T08:21:52+00:00\" \/>\n<meta name=\"twitter:card\" content=\"summary_large_image\" \/>\n<meta name=\"twitter:label1\" content=\"Dur\u00e9e de lecture estim\u00e9e\" \/>\n\t<meta name=\"twitter:data1\" content=\"1 minute\" \/>\n<script type=\"application\/ld+json\" class=\"yoast-schema-graph\">{\"@context\":\"https:\/\/schema.org\",\"@graph\":[{\"@type\":\"WebPage\",\"@id\":\"https:\/\/lindsay-photography.fr\/index.php\/mentions-legales\/\",\"url\":\"https:\/\/lindsay-photography.fr\/index.php\/mentions-legales\/\",\"name\":\"Mentions L\u00e9gales - Lindsay - Photography\",\"isPartOf\":{\"@id\":\"https:\/\/lindsay-photography.fr\/#website\"},\"datePublished\":\"2023-04-13T07:58:54+00:00\",\"dateModified\":\"2023-04-13T08:21:52+00:00\",\"breadcrumb\":{\"@id\":\"https:\/\/lindsay-photography.fr\/index.php\/mentions-legales\/#breadcrumb\"},\"inLanguage\":\"fr-FR\",\"potentialAction\":[{\"@type\":\"ReadAction\",\"target\":[\"https:\/\/lindsay-photography.fr\/index.php\/mentions-legales\/\"]}]},{\"@type\":\"BreadcrumbList\",\"@id\":\"https:\/\/lindsay-photography.fr\/index.php\/mentions-legales\/#breadcrumb\",\"itemListElement\":[{\"@type\":\"ListItem\",\"position\":1,\"name\":\"Accueil\",\"item\":\"https:\/\/lindsay-photography.fr\/\"},{\"@type\":\"ListItem\",\"position\":2,\"name\":\"Mentions L\u00e9gales\"}]},{\"@type\":\"WebSite\",\"@id\":\"https:\/\/lindsay-photography.fr\/#website\",\"url\":\"https:\/\/lindsay-photography.fr\/\",\"name\":\"Lindsay - Photography\",\"description\":\"Cr\u00e9atrice de souvenirs\",\"publisher\":{\"@id\":\"https:\/\/lindsay-photography.fr\/#organization\"},\"potentialAction\":[{\"@type\":\"SearchAction\",\"target\":{\"@type\":\"EntryPoint\",\"urlTemplate\":\"https:\/\/lindsay-photography.fr\/?s={search_term_string}\"},\"query-input\":{\"@type\":\"PropertyValueSpecification\",\"valueRequired\":true,\"valueName\":\"search_term_string\"}}],\"inLanguage\":\"fr-FR\"},{\"@type\":\"Organization\",\"@id\":\"https:\/\/lindsay-photography.fr\/#organization\",\"name\":\"Lindsay - Photography\",\"url\":\"https:\/\/lindsay-photography.fr\/\",\"logo\":{\"@type\":\"ImageObject\",\"inLanguage\":\"fr-FR\",\"@id\":\"https:\/\/lindsay-photography.fr\/#\/schema\/logo\/image\/\",\"url\":\"https:\/\/lindsay-photography.fr\/wp-content\/uploads\/2023\/03\/cropped-539473DA-BECA-4B70-AC73-48E701F9FA57-1.png\",\"contentUrl\":\"https:\/\/lindsay-photography.fr\/wp-content\/uploads\/2023\/03\/cropped-539473DA-BECA-4B70-AC73-48E701F9FA57-1.png\",\"width\":500,\"height\":214,\"caption\":\"Lindsay - Photography\"},\"image\":{\"@id\":\"https:\/\/lindsay-photography.fr\/#\/schema\/logo\/image\/\"},\"sameAs\":[\"https:\/\/www.facebook.com\/profile.php?id=100039183198380\",\"https:\/\/www.instagram.com\/lindsay.photography57\/\"]}]}<\/script>\n<!-- \/ Yoast SEO plugin. -->","yoast_head_json":{"title":"Mentions L\u00e9gales - Lindsay - Photography","robots":{"index":"noindex","follow":"nofollow"},"og_locale":"fr_FR","og_type":"article","og_title":"Mentions L\u00e9gales - Lindsay - Photography","og_description":"Mentions l\u00e9gales Le site Lindsay-Photography est cr\u00e9\u00e9 et g\u00e9r\u00e9 par l\u2019entreprise Lindsay VALAT EI Num\u00e9ro SIRET : 524841426000017 TVA Intracommunautaire : FR17524841426 Adresse Postale : 11b, r\u00e9sidence des pr\u00e9s 57510 Puttelange aux &#8211; lacs Adresse mail : lindsay.valat@lindsay-photography.fr H\u00e9bergement du site Le site lindsay-photography est h\u00e9berg\u00e9 sur les serveurs fran\u00e7ais de l\u2019entreprise&nbsp;Hostinger, domicili\u00e9 au&nbsp;61, rue [&hellip;]","og_url":"https:\/\/lindsay-photography.fr\/index.php\/mentions-legales\/","og_site_name":"Lindsay - Photography","article_publisher":"https:\/\/www.facebook.com\/profile.php?id=100039183198380","article_modified_time":"2023-04-13T08:21:52+00:00","twitter_card":"summary_large_image","twitter_misc":{"Dur\u00e9e de lecture estim\u00e9e":"1 minute"},"schema":{"@context":"https:\/\/schema.org","@graph":[{"@type":"WebPage","@id":"https:\/\/lindsay-photography.fr\/index.php\/mentions-legales\/","url":"https:\/\/lindsay-photography.fr\/index.php\/mentions-legales\/","name":"Mentions L\u00e9gales - Lindsay - Photography","isPartOf":{"@id":"https:\/\/lindsay-photography.fr\/#website"},"datePublished":"2023-04-13T07:58:54+00:00","dateModified":"2023-04-13T08:21:52+00:00","breadcrumb":{"@id":"https:\/\/lindsay-photography.fr\/index.php\/mentions-legales\/#breadcrumb"},"inLanguage":"fr-FR","potentialAction":[{"@type":"ReadAction","target":["https:\/\/lindsay-photography.fr\/index.php\/mentions-legales\/"]}]},{"@type":"BreadcrumbList","@id":"https:\/\/lindsay-photography.fr\/index.php\/mentions-legales\/#breadcrumb","itemListElement":[{"@type":"ListItem","position":1,"name":"Accueil","item":"https:\/\/lindsay-photography.fr\/"},{"@type":"ListItem","position":2,"name":"Mentions L\u00e9gales"}]},{"@type":"WebSite","@id":"https:\/\/lindsay-photography.fr\/#website","url":"https:\/\/lindsay-photography.fr\/","name":"Lindsay - Photography","description":"Cr\u00e9atrice de souvenirs","publisher":{"@id":"https:\/\/lindsay-photography.fr\/#organization"},"potentialAction":[{"@type":"SearchAction","target":{"@type":"EntryPoint","urlTemplate":"https:\/\/lindsay-photography.fr\/?s={search_term_string}"},"query-input":{"@type":"PropertyValueSpecification","valueRequired":true,"valueName":"search_term_string"}}],"inLanguage":"fr-FR"},{"@type":"Organization","@id":"https:\/\/lindsay-photography.fr\/#organization","name":"Lindsay - Photography","url":"https:\/\/lindsay-photography.fr\/","logo":{"@type":"ImageObject","inLanguage":"fr-FR","@id":"https:\/\/lindsay-photography.fr\/#\/schema\/logo\/image\/","url":"https:\/\/lindsay-photography.fr\/wp-content\/uploads\/2023\/03\/cropped-539473DA-BECA-4B70-AC73-48E701F9FA57-1.png","contentUrl":"https:\/\/lindsay-photography.fr\/wp-content\/uploads\/2023\/03\/cropped-539473DA-BECA-4B70-AC73-48E701F9FA57-1.png","width":500,"height":214,"caption":"Lindsay - Photography"},"image":{"@id":"https:\/\/lindsay-photography.fr\/#\/schema\/logo\/image\/"},"sameAs":["https:\/\/www.facebook.com\/profile.php?id=100039183198380","https:\/\/www.instagram.com\/lindsay.photography57\/"]}]}},"_links":{"self":[{"href":"https:\/\/lindsay-photography.fr\/index.php\/wp-json\/wp\/v2\/pages\/1429","targetHints":{"allow":["GET"]}}],"collection":[{"href":"https:\/\/lindsay-photography.fr\/index.php\/wp-json\/wp\/v2\/pages"}],"about":[{"href":"https:\/\/lindsay-photography.fr\/index.php\/wp-json\/wp\/v2\/types\/page"}],"author":[{"embeddable":true,"href":"https:\/\/lindsay-photography.fr\/index.php\/wp-json\/wp\/v2\/users\/1"}],"replies":[{"embeddable":true,"href":"https:\/\/lindsay-photography.fr\/index.php\/wp-json\/wp\/v2\/comments?post=1429"}],"version-history":[{"count":6,"href":"https:\/\/lindsay-photography.fr\/index.php\/wp-json\/wp\/v2\/pages\/1429\/revisions"}],"predecessor-version":[{"id":1440,"href":"https:\/\/lindsay-photography.fr\/index.php\/wp-json\/wp\/v2\/pages\/1429\/revisions\/1440"}],"wp:attachment":[{"href":"https:\/\/lindsay-photography.fr\/index.php\/wp-json\/wp\/v2\/media?parent=1429"}],"curies":[{"name":"wp","href":"https:\/\/api.w.org\/{rel}","templated":true}]}}